{"id":439,"date":"2017-05-05T11:21:05","date_gmt":"2017-05-05T11:21:05","guid":{"rendered":"http:\/\/toepferchaeller.ch\/wp\/?page_id=439"},"modified":"2017-10-18T09:58:49","modified_gmt":"2017-10-18T09:58:49","slug":"ateliervertretung","status":"publish","type":"page","link":"https:\/\/toepferchaeller.ch\/wp\/?page_id=439","title":{"rendered":"Ateliervertretung"},"content":{"rendered":"<p><img loading=\"lazy\" decoding=\"async\" class=\"alignnone size-medium wp-image-861\" src=\"https:\/\/toepferchaeller.ch\/wp\/wp-content\/uploads\/2017\/05\/marlise-1-201x300.jpg\" alt=\"\" width=\"201\" height=\"300\" \/><\/p>\n<p>Marlise Vonarburg<\/p>\n<p>Seit vielen Jahren leitet Marlise Vonarburg aus Buus kompetent und begeisternd das offene Atelier im T\u00f6pferch\u00e4ller als Stellvertreterin. Mit viel Einf\u00fchlungsverm\u00f6gen und viel Geduld begleitet Marlise die Besucherinnen, Besucher sowie Kinder im offenen Atelier.<\/p>\n<p>F\u00fcr sich und ihre Familie kreiert sie nebst Gebrauchsgeschirr auch Objekte f\u00fcr den Garten, experimentiert mit unterschiedlichen Tonsorten, und modelliert aussergew\u00f6hnliche Skulpturen, welche sie vergoldet und als besonderer Hingucker als Stele in R\u00e4umen aufstellt.<\/p>\n","protected":false},"excerpt":{"rendered":"<p>Marlise Vonarburg Seit vielen Jahren leitet Marlise Vonarburg aus Buus kompetent und begeisternd das offene Atelier im T\u00f6pferch\u00e4ller als Stellvertreterin. Mit viel Einf\u00fchlungsverm\u00f6gen und viel Geduld begleitet Marlise die Besucherinnen, Besucher sowie Kinder im offenen Atelier. F\u00fcr sich und ihre<\/p>\n","protected":false},"author":2,"featured_media":0,"parent":0,"menu_order":0,"comment_status":"closed","ping_status":"closed","template":"","meta":{"footnotes":""},"class_list":["post-439","page","type-page","status-publish","hentry"],"_links":{"self":[{"href":"https:\/\/toepferchaeller.ch\/wp\/index.php?rest_route=\/wp\/v2\/pages\/439","targetHints":{"allow":["GET"]}}],"collection":[{"href":"https:\/\/toepferchaeller.ch\/wp\/index.php?rest_route=\/wp\/v2\/pages"}],"about":[{"href":"https:\/\/toepferchaeller.ch\/wp\/index.php?rest_route=\/wp\/v2\/types\/page"}],"author":[{"embeddable":true,"href":"https:\/\/toepferchaeller.ch\/wp\/index.php?rest_route=\/wp\/v2\/users\/2"}],"replies":[{"embeddable":true,"href":"https:\/\/toepferchaeller.ch\/wp\/index.php?rest_route=%2Fwp%2Fv2%2Fcomments&post=439"}],"version-history":[{"count":3,"href":"https:\/\/toepferchaeller.ch\/wp\/index.php?rest_route=\/wp\/v2\/pages\/439\/revisions"}],"predecessor-version":[{"id":862,"href":"https:\/\/toepferchaeller.ch\/wp\/index.php?rest_route=\/wp\/v2\/pages\/439\/revisions\/862"}],"wp:attachment":[{"href":"https:\/\/toepferchaeller.ch\/wp\/index.php?rest_route=%2Fwp%2Fv2%2Fmedia&parent=439"}],"curies":[{"name":"wp","href":"https:\/\/api.w.org\/{rel}","templated":true}]}}