{"id":422,"date":"2017-05-05T10:10:53","date_gmt":"2017-05-05T10:10:53","guid":{"rendered":"http:\/\/toepferchaeller.ch\/wp\/?page_id=422"},"modified":"2021-11-29T11:50:05","modified_gmt":"2021-11-29T09:50:05","slug":"offenes-atelier","status":"publish","type":"page","link":"https:\/\/toepferchaeller.ch\/wp\/?page_id=422","title":{"rendered":"Offenes Atelier"},"content":{"rendered":"\n<p>Jeden Donnerstag, 9.00 \u2013 19.00 Uhr, auch w\u00e4hrend den Schulferien, haben Sie die M\u00f6glichkeit, Ihre W\u00fcnsche ohne Voranmeldung in Ton umzusetzen.<\/p>\n","protected":false},"excerpt":{"rendered":"<p>Jeden Donnerstag, 9.00 \u2013 19.00 Uhr, auch w\u00e4hrend den Schulferien, haben Sie die M\u00f6glichkeit, Ihre W\u00fcnsche ohne Voranmeldung in Ton umzusetzen.<\/p>\n","protected":false},"author":2,"featured_media":0,"parent":0,"menu_order":0,"comment_status":"closed","ping_status":"closed","template":"","meta":{"footnotes":""},"class_list":["post-422","page","type-page","status-publish","hentry"],"_links":{"self":[{"href":"https:\/\/toepferchaeller.ch\/wp\/index.php?rest_route=\/wp\/v2\/pages\/422","targetHints":{"allow":["GET"]}}],"collection":[{"href":"https:\/\/toepferchaeller.ch\/wp\/index.php?rest_route=\/wp\/v2\/pages"}],"about":[{"href":"https:\/\/toepferchaeller.ch\/wp\/index.php?rest_route=\/wp\/v2\/types\/page"}],"author":[{"embeddable":true,"href":"https:\/\/toepferchaeller.ch\/wp\/index.php?rest_route=\/wp\/v2\/users\/2"}],"replies":[{"embeddable":true,"href":"https:\/\/toepferchaeller.ch\/wp\/index.php?rest_route=%2Fwp%2Fv2%2Fcomments&post=422"}],"version-history":[{"count":6,"href":"https:\/\/toepferchaeller.ch\/wp\/index.php?rest_route=\/wp\/v2\/pages\/422\/revisions"}],"predecessor-version":[{"id":1629,"href":"https:\/\/toepferchaeller.ch\/wp\/index.php?rest_route=\/wp\/v2\/pages\/422\/revisions\/1629"}],"wp:attachment":[{"href":"https:\/\/toepferchaeller.ch\/wp\/index.php?rest_route=%2Fwp%2Fv2%2Fmedia&parent=422"}],"curies":[{"name":"wp","href":"https:\/\/api.w.org\/{rel}","templated":true}]}}