{"id":420,"date":"2017-05-05T10:10:09","date_gmt":"2017-05-05T10:10:09","guid":{"rendered":"http:\/\/toepferchaeller.ch\/wp\/?page_id=420"},"modified":"2024-11-18T20:53:34","modified_gmt":"2024-11-18T18:53:34","slug":"rakuevents","status":"publish","type":"page","link":"https:\/\/toepferchaeller.ch\/wp\/?page_id=420","title":{"rendered":"Rakuevents"},"content":{"rendered":"<p>Was ist Raku?<br \/>\nDer Begriff Raku stammt aus Asien und wurde im 16. Jahrhundert zum Brennen der Trinkgef\u00e4sse f\u00fcr die Teezeremonie angewendet.<br \/>\nBei der Herstellung bleibt die Person stets in Kontakt mit dem Arbeitsst\u00fcck, vom Formen mit der Hand bis zum Brennen. Gl\u00fchend heiss wird das Objekt aus dem Ofen genommen (ca. 1000\u00b0 C) und in rauchenden Holzsp\u00e4nen weiter bearbeitet. Durch den Temperaturschock bildet sich ein feines Rissnetz,<br \/>\nwelches durch das Verbrennen der Sp\u00e4ne schwarz ausgef\u00fcllt wird. Nach dem\u00a0vollst\u00e4ndigen Abk\u00fchlen und dem Entfernen der Russschicht, zeigt sich das einzigartige Farbenspiel und der Charakter jedes St\u00fcckes.<br \/>\nDie Rakubrenntechnik ist ein Experiment. durch die Vielzahl von Einfl\u00fcssen erh\u00e4lt jedes Objekt seine individuelle Ausdruckskraft. Jedes St\u00fcck ist einmalig.<br \/>\nRaku bedeutet: Freude, Zufriedenheit und Gelassenheit.<\/p>\n<p><span style=\"color: #ff0000;\"><a style=\"color: #ff0000;\" href=\"https:\/\/toepferchaeller.ch\/wp\/wp-content\/uploads\/2024\/11\/broschuere_rakuevent.pdf\" target=\"_blank\" rel=\"noopener noreferrer\">Brosch\u00fcre Rakuevents als pdf-Datei zum Herunterladen.<\/a><\/span><\/p>\n<div><\/div>\n","protected":false},"excerpt":{"rendered":"<p>Was ist Raku? Der Begriff Raku stammt aus Asien und wurde im 16. Jahrhundert zum Brennen der Trinkgef\u00e4sse f\u00fcr die Teezeremonie angewendet. Bei der Herstellung bleibt die Person stets in Kontakt mit dem Arbeitsst\u00fcck, vom Formen mit der Hand bis<\/p>\n","protected":false},"author":2,"featured_media":778,"parent":0,"menu_order":0,"comment_status":"closed","ping_status":"closed","template":"","meta":{"footnotes":""},"class_list":["post-420","page","type-page","status-publish","has-post-thumbnail","hentry"],"_links":{"self":[{"href":"https:\/\/toepferchaeller.ch\/wp\/index.php?rest_route=\/wp\/v2\/pages\/420","targetHints":{"allow":["GET"]}}],"collection":[{"href":"https:\/\/toepferchaeller.ch\/wp\/index.php?rest_route=\/wp\/v2\/pages"}],"about":[{"href":"https:\/\/toepferchaeller.ch\/wp\/index.php?rest_route=\/wp\/v2\/types\/page"}],"author":[{"embeddable":true,"href":"https:\/\/toepferchaeller.ch\/wp\/index.php?rest_route=\/wp\/v2\/users\/2"}],"replies":[{"embeddable":true,"href":"https:\/\/toepferchaeller.ch\/wp\/index.php?rest_route=%2Fwp%2Fv2%2Fcomments&post=420"}],"version-history":[{"count":10,"href":"https:\/\/toepferchaeller.ch\/wp\/index.php?rest_route=\/wp\/v2\/pages\/420\/revisions"}],"predecessor-version":[{"id":1786,"href":"https:\/\/toepferchaeller.ch\/wp\/index.php?rest_route=\/wp\/v2\/pages\/420\/revisions\/1786"}],"wp:featuredmedia":[{"embeddable":true,"href":"https:\/\/toepferchaeller.ch\/wp\/index.php?rest_route=\/wp\/v2\/media\/778"}],"wp:attachment":[{"href":"https:\/\/toepferchaeller.ch\/wp\/index.php?rest_route=%2Fwp%2Fv2%2Fmedia&parent=420"}],"curies":[{"name":"wp","href":"https:\/\/api.w.org\/{rel}","templated":true}]}}