{"id":328,"date":"2017-03-25T01:09:17","date_gmt":"2017-03-25T01:09:17","guid":{"rendered":"http:\/\/toepferchaeller.ch\/wp\/?page_id=328"},"modified":"2026-03-25T01:12:44","modified_gmt":"2026-03-24T23:12:44","slug":"kursangebot","status":"publish","type":"page","link":"https:\/\/toepferchaeller.ch\/wp\/?page_id=328","title":{"rendered":"Kurse &#038; Workshops"},"content":{"rendered":"<p><a href=\"https:\/\/toepferchaeller.ch\/wp\/wp-content\/uploads\/2026\/03\/Kursangebot-2026_2027.pdf\" target=\"_blank\" rel=\"noopener noreferrer\">Kurse als pdf-Datei zum herunterladen<\/a><\/p>\n<p><strong>Anmeldung f\u00fcr Kurse<\/strong>: Die Anmeldung erfolgt schriftlich oder telefonisch und wird mit der Anmeldung g\u00fcltig.<\/p>\n<p><strong>Annulation<\/strong>: R\u00fccktrittskosten bis 4 Wochen vor Kursbeginn 25%, 2 Wochen 50%, bis 1 Woche vor Kursbeginn 100%, ausgenommen der Platz kann durch eine andere Person besetzt werden.<\/p>\n<p><strong>Versicherung<\/strong>: Ist Sache der Kursteilnehmerinnen und Kursteilnehmer.<\/p>\n<a href=\"https:\/\/toepferchaeller.ch\/wp\/wp-content\/uploads\/2026\/03\/Kursangebot-2026_2027.pdf\" class=\"pdfemb-viewer\" style=\"\" data-width=\"max\" data-height=\"max\" data-toolbar=\"both\" data-toolbar-fixed=\"on\">Kursangebot-2026_2027<\/a>\n","protected":false},"excerpt":{"rendered":"<p>Kurse als pdf-Datei zum herunterladen Anmeldung f\u00fcr Kurse: Die Anmeldung erfolgt schriftlich oder telefonisch und wird mit der Anmeldung g\u00fcltig. Annulation: R\u00fccktrittskosten bis 4 Wochen vor Kursbeginn 25%, 2 Wochen 50%, bis 1 Woche vor Kursbeginn 100%, ausgenommen der Platz<\/p>\n","protected":false},"author":2,"featured_media":0,"parent":0,"menu_order":0,"comment_status":"closed","ping_status":"closed","template":"","meta":{"footnotes":""},"class_list":["post-328","page","type-page","status-publish","hentry"],"_links":{"self":[{"href":"https:\/\/toepferchaeller.ch\/wp\/index.php?rest_route=\/wp\/v2\/pages\/328","targetHints":{"allow":["GET"]}}],"collection":[{"href":"https:\/\/toepferchaeller.ch\/wp\/index.php?rest_route=\/wp\/v2\/pages"}],"about":[{"href":"https:\/\/toepferchaeller.ch\/wp\/index.php?rest_route=\/wp\/v2\/types\/page"}],"author":[{"embeddable":true,"href":"https:\/\/toepferchaeller.ch\/wp\/index.php?rest_route=\/wp\/v2\/users\/2"}],"replies":[{"embeddable":true,"href":"https:\/\/toepferchaeller.ch\/wp\/index.php?rest_route=%2Fwp%2Fv2%2Fcomments&post=328"}],"version-history":[{"count":50,"href":"https:\/\/toepferchaeller.ch\/wp\/index.php?rest_route=\/wp\/v2\/pages\/328\/revisions"}],"predecessor-version":[{"id":1875,"href":"https:\/\/toepferchaeller.ch\/wp\/index.php?rest_route=\/wp\/v2\/pages\/328\/revisions\/1875"}],"wp:attachment":[{"href":"https:\/\/toepferchaeller.ch\/wp\/index.php?rest_route=%2Fwp%2Fv2%2Fmedia&parent=328"}],"curies":[{"name":"wp","href":"https:\/\/api.w.org\/{rel}","templated":true}]}}