{"id":1836,"date":"2025-07-24T11:35:54","date_gmt":"2025-07-24T09:35:54","guid":{"rendered":"https:\/\/toepferchaeller.ch\/wp\/?page_id=1836"},"modified":"2025-07-24T12:09:18","modified_gmt":"2025-07-24T10:09:18","slug":"kindergeburtstag","status":"publish","type":"page","link":"https:\/\/toepferchaeller.ch\/wp\/?page_id=1836","title":{"rendered":"Kindergeburtstag"},"content":{"rendered":"<p>f\u00fcr Kinder ab 7 Jahren<\/p>\n<p>F\u00fcr alle Kinder, welche ihren Geburtstag mit max. 10 Partyg\u00e4sten kreativ feiern m\u00f6chten.<\/p>\n<p><strong>Angebot 1 modellieren eines Tieres\/Spiegels<\/strong><br \/>\nInmitten von kreativen Tonobjekten im T\u00f6pferch\u00e4ller haben Kinder die M\u00f6glichkeit sich selbst ideenreich zu bet\u00e4tigen. Die selbstgeformte Tonkugel bietet die Basis f\u00fcr verschiedene Keramiktiere. Bei dem zweist\u00fcndigen Kindergeburtstag entscheidet jedes Kind ob aus dem Tonballen eine Kuh, ein Vogel oder ein Frosch entstehen darf.<\/p>\n<p><strong>Angebot 2 Rakuschalen \/ Schmuck \/ Schlangenbrot<\/strong><\/p>\n<p>&nbsp;<\/p>\n\n","protected":false},"excerpt":{"rendered":"<p>f\u00fcr Kinder ab 7 Jahren F\u00fcr alle Kinder, welche ihren Geburtstag mit max. 10 Partyg\u00e4sten kreativ feiern m\u00f6chten. Angebot 1 modellieren eines Tieres\/Spiegels Inmitten von kreativen Tonobjekten im T\u00f6pferch\u00e4ller haben Kinder die M\u00f6glichkeit sich selbst ideenreich zu bet\u00e4tigen. Die selbstgeformte<\/p>\n","protected":false},"author":2,"featured_media":0,"parent":0,"menu_order":0,"comment_status":"closed","ping_status":"closed","template":"","meta":{"footnotes":""},"class_list":["post-1836","page","type-page","status-publish","hentry"],"_links":{"self":[{"href":"https:\/\/toepferchaeller.ch\/wp\/index.php?rest_route=\/wp\/v2\/pages\/1836","targetHints":{"allow":["GET"]}}],"collection":[{"href":"https:\/\/toepferchaeller.ch\/wp\/index.php?rest_route=\/wp\/v2\/pages"}],"about":[{"href":"https:\/\/toepferchaeller.ch\/wp\/index.php?rest_route=\/wp\/v2\/types\/page"}],"author":[{"embeddable":true,"href":"https:\/\/toepferchaeller.ch\/wp\/index.php?rest_route=\/wp\/v2\/users\/2"}],"replies":[{"embeddable":true,"href":"https:\/\/toepferchaeller.ch\/wp\/index.php?rest_route=%2Fwp%2Fv2%2Fcomments&post=1836"}],"version-history":[{"count":6,"href":"https:\/\/toepferchaeller.ch\/wp\/index.php?rest_route=\/wp\/v2\/pages\/1836\/revisions"}],"predecessor-version":[{"id":1852,"href":"https:\/\/toepferchaeller.ch\/wp\/index.php?rest_route=\/wp\/v2\/pages\/1836\/revisions\/1852"}],"wp:attachment":[{"href":"https:\/\/toepferchaeller.ch\/wp\/index.php?rest_route=%2Fwp%2Fv2%2Fmedia&parent=1836"}],"curies":[{"name":"wp","href":"https:\/\/api.w.org\/{rel}","templated":true}]}}